{"id":123,"date":"2016-12-09T21:29:52","date_gmt":"2016-12-09T21:29:52","guid":{"rendered":"http:\/\/www.digitalserviceonline.it\/?page_id=123"},"modified":"2016-12-19T09:00:43","modified_gmt":"2016-12-19T09:00:43","slug":"networking","status":"publish","type":"page","link":"https:\/\/www.digitalserviceonline.it\/?page_id=123","title":{"rendered":"Networking"},"content":{"rendered":"<h3 style=\"text-align: center;\"><span style=\"color: #000000;\"><strong>Networking<\/strong><\/span><\/h3>\n<p style=\"text-align: justify;\"><span style=\"color: #000000;\">Ecco la nostra offerta di servizi sulle reti aziendali che copre ogni tipologia di rete: piccola rete aziendale, rete aziendale mobile, rete wireless, rete internet e molto altro curandone la realizzazione, la gestione e soprattutto assistenza.<\/span><\/p>\n<p>&nbsp;<\/p>\n<p style=\"text-align: center;\"><span style=\"color: #000000;\">&#8211;\u00a0<strong>REALIZZAZIONE<\/strong><strong>\u00a0<\/strong><strong>RETI AZIENDALI &#8211;<\/strong><\/span><\/p>\n<p style=\"text-align: center;\"><span style=\"color: #000000;\"><strong>&#8211; RISTRUTTURAZIONE RETI AZIENDALI &#8211;<\/strong><\/span><\/p>\n<p style=\"text-align: center;\"><span style=\"color: #000000;\"><strong>&#8211; MANUTENZIONE RETI AZIENDALI &#8211;<\/strong><\/span><\/p>\n<p><span style=\"color: #000000;\"><strong>\u00a0<\/strong><\/span><\/p>\n<h3><span style=\"color: #000000;\"><strong>La realizzazione di una rete aziendale<\/strong><\/span><\/h3>\n<p style=\"text-align: justify;\"><span style=\"color: #000000;\"><strong>Analisi delle esigenze presenti e future<\/strong><\/span><\/p>\n<p style=\"text-align: justify;\"><span style=\"color: #000000;\">Il primo passo, il pi\u00f9 importante. Una analisi attenta e ragionata delle esigenze del cliente e delle sue aspettative per il presente e per il prossimo futuro. Una rete aziendale deve essere strutturata per potersi modificare, integrare e per poter crescere insieme all\u2019azienda, mai limitandone le potenzialit\u00e0, ma anzi mettendosi al servizio di queste per consentire agli utenti di sfruttarle al massimo.<\/span><\/p>\n<p style=\"text-align: justify;\"><span style=\"color: #000000;\"><strong>Scelta degli apparati hardware e software<\/strong><\/span><\/p>\n<p style=\"text-align: justify;\"><span style=\"color: #000000;\">Vengono proposte varie soluzioni in base all\u2019analisi effettuata, che devono adesso confrontarsi con i costi di realizzazione e di successiva gestione. Varie soluzioni che comunque non prescinderanno mai da tre concetti che Digit@l Service ritiene debbano essere alla base di ogni rete aziendale: stabilit\u00e0, efficienza, sicurezza.<\/span><\/p>\n<p style=\"text-align: justify;\"><span style=\"color: #000000;\"><strong>Fornitura dei componenti scelti<\/strong><\/span><\/p>\n<p style=\"text-align: justify;\"><span style=\"color: #000000;\">Non siamo legati ad alcun fornitore privilegiato, il che ci consente di proporre ai nostri clienti sempre il meglio di quanto offerto dal mercato. Qualunque sia la problematica da risolvere o la richiesta che ci viene fatta, siamo in grado di assicurare ai nostri clienti i migliori prodotti in commercio e al minor costo.<\/span><\/p>\n<p style=\"text-align: justify;\"><span style=\"color: #000000;\"><strong>Realizzazione della rete aziendale<\/strong><\/span><\/p>\n<p style=\"text-align: justify;\"><span style=\"color: #000000;\">I nostri sistemisti aziendali prenderanno parte alle riunioni preliminari con eventuali architetti, geometri ed elettricisti, al fine di controllare che le soluzioni da essi adottate rispettino le esigenze tecniche della rete aziendale che si \u00e8 deciso di realizzare. Una volta ricevuto il via dal cliente, provvederanno a installare gli apparati hardware e software, a configurarli, quindi a testarne l\u2019efficienza e la stabilit\u00e0.<\/span><\/p>\n<p style=\"text-align: justify;\"><span style=\"color: #000000;\"><strong>Consegna dello schema della rete aziendale<\/strong><\/span><\/p>\n<p style=\"text-align: justify;\"><span style=\"color: #000000;\">Si sviluppacon unsoftware applicativo, un documento contenente tutte le specifiche della vostra rete aziendale. Un documento chiaro e completo che consenta al cliente di avere in specifico una fotografia della architettura della rete aziendale. Un documento che consenta ad un altro sistemista di rete, nostro o di altra azienda, di capire come \u00e8 strutturata la rete e quindi di intervenire con rapidit\u00e0 e sicurezza.<\/span><\/p>\n<p style=\"text-align: justify;\"><span style=\"color: #000000;\"><strong>Siete interessati?<\/strong><strong>\u00a0<\/strong><strong>Contattateci per ricevere maggiori informazioni<\/strong><strong>.<\/strong><\/span><\/p>\n<h3 style=\"text-align: justify;\"><span style=\"color: #000000;\"><strong>La ristrutturazione di una rete aziendale<\/strong><\/span><\/h3>\n<p style=\"text-align: justify;\"><span style=\"color: #000000;\"><strong>Sopralluogo e colloquio conoscitivo<\/strong><\/span><\/p>\n<p style=\"text-align: justify;\"><span style=\"color: #000000;\">I nostri sistemisti aziendali effettueranno un primo colloquio conoscitivo con il cliente o il responsabile CED dell\u2019azienda, e contestualmente eseguiranno un sopralluogo per valutare la situazione della rete aziendale in essere. Il sopralluogo terr\u00e0 conto non solo dello stato delle macchine e della architettura di rete, ma anche di eventuali fattori di rischio come l\u2019impianto elettrico, l\u2019impianto di condizionamento, l\u2019esposizione delle macchine ad altri fattori di rischio.<\/span><\/p>\n<p style=\"text-align: justify;\"><span style=\"color: #000000;\"><strong>Relazione e Consulenza<\/strong><\/span><\/p>\n<p style=\"text-align: justify;\"><span style=\"color: #000000;\">Sar\u00e0 nostra cura presentare al cliente una relazione analitica contenente un breve resoconto sullo stato della rete, sulle azioni correttive da intraprendere con urgenza, e sulle azioni correttive \u201csolo\u201d consigliate. Una relazione comprensiva di un preventivo dettagliato che consenta al cliente di pianificare in maniera veloce ed efficace gli interventi da effettuare subito e quelli da effettuare invece a cadenze prestabilite. In pratica, una fotografia della rete aziendale, delle sue esigenze presenti e di quelle future, pianificabili in modo da ottimizzare i costi senza compromettere l\u2019attivit\u00e0 aziendale.<\/span><\/p>\n<p style=\"text-align: justify;\"><span style=\"color: #000000;\"><strong>Ristrutturazione della rete aziendale<\/strong><\/span><\/p>\n<p style=\"text-align: justify;\"><span style=\"color: #000000;\">Gli interventi verranno decisi in accordo con il cliente, al fine di limitare al massimo i fermi macchina o gli inconvenienti che possono derivare dagli interventi di ristrutturazione stabiliti, ossia in presenza di una rete aziendale gi\u00e0 operativa.<\/span><\/p>\n<p style=\"text-align: justify;\"><span style=\"color: #000000;\"><strong>Test di revisione e controllo<\/strong><\/span><\/p>\n<p style=\"text-align: justify;\"><span style=\"color: #000000;\">Una volta finito il lavoro di ristrutturazione della rete aziendale, i nostri sistemisti aziendali provvederanno ad effettuare una serie di test di revisione e controllo per verificare l\u2019efficacia delle migliorie introdotte.<\/span><\/p>\n<p style=\"text-align: justify;\"><span style=\"color: #000000;\">Consegna dello schema della rete aziendale: sviluppato con Microsoft, un documento contenente tutte le specifiche della vostra rete aziendale. Un documento chiaro e completo che consenta al cliente di avere in specifico una fotografia della architettura della rete aziendale. Un documento che consenta ad un altro sistemista di rete, nostro o di altra azienda, di capire come \u00e8 strutturata la rete e quindi di intervenire con rapidit\u00e0 e sicurezza.<\/span><\/p>\n<p style=\"text-align: justify;\"><span style=\"color: #000000;\"><strong>Siete interessati?<\/strong><strong>\u00a0<\/strong><strong>Contattateci per ricevere maggiori informazioni.<\/strong><\/span><\/p>\n<h3 style=\"text-align: justify;\"><span style=\"color: #000000;\"><strong>La manutenzione di una rete aziendale<\/strong><\/span><\/h3>\n<p style=\"text-align: justify;\"><span style=\"color: #000000;\"><strong>Il concetto di base<\/strong><\/span><\/p>\n<p style=\"text-align: justify;\"><span style=\"color: #000000;\">Sistemisti aziendali dedicati, ossia che intervengono per quanto possibile su reti da loro stessi realizzate o ristrutturate, quindi ben conosciute, per poter effettuare interventi risolutivi precisi e mirati, quindi, meno onerosi per l\u2019azienda. L\u2019assistenza telefonica Assegnazione del numero di cellulare del sistemista aziendale dedicato per la notifica immediata del problema riscontrato. Qualora il problema sia risolvibile per telefono, il sistemista aziendale guider\u00e0 l\u2019utente nell\u2019esecuzione delle procedure necessarie alla sua risoluzione immediata. In alternativa, prender\u00e0 direttamente un appuntamento con il cliente.<\/span><\/p>\n<p style=\"text-align: justify;\"><span style=\"color: #000000;\"><strong>Gli interventi urgenti<\/strong><\/span><\/p>\n<p style=\"text-align: justify;\"><span style=\"color: #000000;\">A seguito della segnalazione del problema riscontrato, direttamente al sistemista aziendale (in caso di sottoscrizione del contratto di assistenza telefonica) o ai nostri uffici, il sistemista aziendale effettuer\u00e0 l\u2019interventi nei tempi e nei modi stabiliti con il cliente. Qualora, a seconda del problema, sia necessario sostituire parti della rete aziendale, il sistemista aziendale si metter\u00e0 in contatto diretto con i nostri commerciali al fine di presentare al cliente il costo immediato degli apparati danneggiati (se non pi\u00f9 in garanzia). In base all\u2019urgenza, alle disponibilit\u00e0 di magazzino proprie diDigit@l Serviceo dei suoi fornitori, il sistemista aziendale provveder\u00e0 al ripristino del problema. Qualora l\u2019urgenza e le disponibilit\u00e0 di magazzino non dovessero coincidere, il sistemista aziendale provveder\u00e0 ad installare in comodato gli apparati necessari ad assicurare il pi\u00f9 veloce ripristino della rete aziendale.<\/span><\/p>\n<p style=\"text-align: justify;\"><span style=\"color: #000000;\"><strong>Gli interventi programmati<\/strong><\/span><\/p>\n<p style=\"text-align: justify;\"><span style=\"color: #000000;\">Una volta ottimizzata la rete aziendale, il cliente ha la possibilit\u00e0 di sottoscrivere dei cachet di interventi tecnici, e di pianificare a priori un numero di interventi programmati su base settimanale, mensile, trimestrale. Il sistemista aziendale si recher\u00e0 presso la Vostra sede ed effettuer\u00e0 una serie di verifiche su server e terminali per far s\u00ec che la rete aziendale sia sempre aggiornata e protetta.<\/span><\/p>\n<p style=\"text-align: justify;\"><span style=\"color: #000000;\"><strong>I contratti di assistenza<\/strong><\/span><\/p>\n<p style=\"text-align: justify;\"><span style=\"color: #000000;\">Digit@l Service non lega il cliente in alcun modo a s\u00e9, in quanto la nostra impostazione di lavoro non si basa sulla sottoscrizione di contratti di assistenza a lungo termine. L\u2019unico motivo per cui desideriamo che un cliente lavori con noi, \u00e8 la sua piena soddisfazione, e non un contratto. L\u2019unico contratto che prevediamo, peraltro su base annuale e con un costo quasi simbolico, \u00e8 quello relativo alla assistenza telefonica.<\/span><\/p>\n<p style=\"text-align: justify;\"><span style=\"color: #000000;\"><strong>Siete interessati?<\/strong><strong>\u00a0<\/strong><strong>Contattateci per ricevere maggiori informazioni<\/strong><strong>.<\/strong><\/span><\/p>\n","protected":false},"excerpt":{"rendered":"<p>Networking Ecco la nostra offerta di servizi sulle reti aziendali che copre ogni tipologia di rete: piccola rete aziendale, rete aziendale mobile, rete wireless, rete internet e molto altro curandone la realizzazione, la gestione e soprattutto assistenza. &nbsp; &#8211;\u00a0REALIZZAZIONE\u00a0RETI AZIENDALI &#8211; &#8211; RISTRUTTURAZIONE RETI AZIENDALI &#8211; &#8211; MANUTENZIONE RETI AZIENDALI &#8211; \u00a0 La realizzazione di [&hellip;]<\/p>\n","protected":false},"author":1,"featured_media":0,"parent":0,"menu_order":0,"comment_status":"closed","ping_status":"closed","template":"template-full-width.php","meta":{"footnotes":""},"class_list":["post-123","page","type-page","status-publish","hentry"],"_links":{"self":[{"href":"https:\/\/www.digitalserviceonline.it\/index.php?rest_route=\/wp\/v2\/pages\/123","targetHints":{"allow":["GET"]}}],"collection":[{"href":"https:\/\/www.digitalserviceonline.it\/index.php?rest_route=\/wp\/v2\/pages"}],"about":[{"href":"https:\/\/www.digitalserviceonline.it\/index.php?rest_route=\/wp\/v2\/types\/page"}],"author":[{"embeddable":true,"href":"https:\/\/www.digitalserviceonline.it\/index.php?rest_route=\/wp\/v2\/users\/1"}],"replies":[{"embeddable":true,"href":"https:\/\/www.digitalserviceonline.it\/index.php?rest_route=%2Fwp%2Fv2%2Fcomments&post=123"}],"version-history":[{"count":6,"href":"https:\/\/www.digitalserviceonline.it\/index.php?rest_route=\/wp\/v2\/pages\/123\/revisions"}],"predecessor-version":[{"id":421,"href":"https:\/\/www.digitalserviceonline.it\/index.php?rest_route=\/wp\/v2\/pages\/123\/revisions\/421"}],"wp:attachment":[{"href":"https:\/\/www.digitalserviceonline.it\/index.php?rest_route=%2Fwp%2Fv2%2Fmedia&parent=123"}],"curies":[{"name":"wp","href":"https:\/\/api.w.org\/{rel}","templated":true}]}}