{"id":2805,"date":"2024-02-26T09:02:17","date_gmt":"2024-02-26T09:02:17","guid":{"rendered":"https:\/\/www.digitalserviceonline.it\/?page_id=2805"},"modified":"2024-02-26T09:04:24","modified_gmt":"2024-02-26T09:04:24","slug":"carta-del-docente","status":"publish","type":"page","link":"http:\/\/www.digitalserviceonline.it\/?page_id=2805","title":{"rendered":"CARTA DEL DOCENTE"},"content":{"rendered":"<h1 style=\"text-align: center;\"><span style=\"color: #000000;\"><strong>Sei un Docente?<\/strong><\/span><\/h1>\n<p style=\"text-align: center;\"><span style=\"color: #000000;\">Da Digital Service puoi UTILIZZARE IL BUONO DI <strong>500\u20ac<\/strong><\/span><\/p>\n<p style=\"text-align: center;\"><span style=\"color: #000000;\">per l&#8217;acquisto di PC, NOTEBOOK, TABLET E SOFTWARE<\/span><\/p>\n<div class=\"auto-format ui--animation\">\n<h3><\/h3>\n<h3><span style=\"color: #000000;\">CHE COS\u2019E\u2019 LA CARTA DEL DOCENTE ?<\/span><\/h3>\n<p style=\"text-align: justify;\"><span style=\"color: #000000;\">La Carta del Docente \u00e8 un\u2019iniziativa promossa dal Ministero dell\u2019Istruzione, dell\u2019Universit\u00e0 e della Ricerca, che prevede un bonus di 500 euro annuo da utilizzare per l\u2019aggiornamento e la formazione. Pu\u00f2 essere utilizzata dai docenti di ruolo a tempo indeterminato delle Istituzioni scolastiche statali, compresi i docenti che sono in periodo di formazione e prova, dichiarati inidonei per motivi di salute, i docenti in posizione di comando, distacco, fuori ruolo, i docenti nelle scuole all\u2019estero, delle scuole militari.<\/span><br \/>\n<span style=\"color: #000000;\">La Carta del Docente non \u00e8 utilizzabile nel caso in cui il docente sia stato sospeso per motivi disciplinari.<\/span><\/p>\n<\/div>\n<div class=\"ui--divider ui--animation clearfix ui--divider-solid-line\"><\/div>\n<div class=\"auto-format ui--animation\">\n<h3><span style=\"color: #000000;\">CHI PUO\u2019 BENEFICIARE DELLA CARTA DEL DOCENTE?<\/span><\/h3>\n<p style=\"text-align: justify;\"><span style=\"color: #000000;\">Con la Carta del Docente puoi aggiornare i tuoi strumenti di studio o di lavoro acquistando Notebook, Computer Desktop, Tablet, 2 in 1, E-book Reader e Software delle migliori marche.<\/span><br \/>\n<span style=\"color: #000000;\">Non hanno diritto al bonus: Smartphone, Toner, Cartucce, Stampanti, Pennette USB, Videocamere, Fotocamere, Videoproiettori, i prodotti Outlet, Abbonamento ADSL e Abbonamento PayTV.<\/span><\/p>\n<\/div>\n<h3><\/h3>\n<h3><span style=\"color: #000000;\">COME VIENE GENERATO UN BUONO da 500\u20ac?<\/span><\/h3>\n<p><span style=\"color: #000000;\">Tutti i docenti devono collegarsi <span style=\"color: #ff0000;\">all\u2019<a style=\"color: #ff0000;\" href=\"https:\/\/cartadeldocente.istruzione.it\/#\/\">applicazione web<\/a><\/span>\u00a0e accedere con il proprio SPID (il Sistema Pubblico di Identita` Digitale). Una volta loggati, gli step da seguire sono:<\/span><\/p>\n<ol>\n<li><span style=\"color: #000000;\">Andare nella pagina \u201ccrea buono\u201d accessibile dal Menu.<\/span><\/li>\n<li><span style=\"color: #000000;\">Scegliere di acquistare da Digital Service a Turi.<\/span><\/li>\n<li><span style=\"color: #000000;\">Inserire l\u2019importo del buono corrispondente al prezzo del bene o servizio che vuoi acquistare.<\/span><\/li>\n<li><span style=\"color: #000000;\">Il buono creato sar\u00e0 accompagnato da un codice identificativo (QR code, codice a barre e codice alfanumerico) che potr\u00e0 essere salvato su un dispositivo o stampato per presentarlo nel nostro store Digital Service e ottenere cos\u00ec il buono\/servizio desiderato.<\/span><\/li>\n<\/ol>\n<p style=\"text-align: center;\">\n","protected":false},"excerpt":{"rendered":"<p>Sei un Docente? Da Digital Service puoi UTILIZZARE IL BUONO DI 500\u20ac per l&#8217;acquisto di PC, NOTEBOOK, TABLET E SOFTWARE CHE COS\u2019E\u2019 LA CARTA DEL DOCENTE ? La Carta del Docente \u00e8 un\u2019iniziativa promossa dal Ministero dell\u2019Istruzione, dell\u2019Universit\u00e0 e della Ricerca, che prevede un bonus di 500 euro annuo da utilizzare per l\u2019aggiornamento e la [&hellip;]<\/p>\n","protected":false},"author":1,"featured_media":0,"parent":0,"menu_order":0,"comment_status":"closed","ping_status":"closed","template":"","meta":{"footnotes":""},"class_list":["post-2805","page","type-page","status-publish","hentry"],"_links":{"self":[{"href":"http:\/\/www.digitalserviceonline.it\/index.php?rest_route=\/wp\/v2\/pages\/2805","targetHints":{"allow":["GET"]}}],"collection":[{"href":"http:\/\/www.digitalserviceonline.it\/index.php?rest_route=\/wp\/v2\/pages"}],"about":[{"href":"http:\/\/www.digitalserviceonline.it\/index.php?rest_route=\/wp\/v2\/types\/page"}],"author":[{"embeddable":true,"href":"http:\/\/www.digitalserviceonline.it\/index.php?rest_route=\/wp\/v2\/users\/1"}],"replies":[{"embeddable":true,"href":"http:\/\/www.digitalserviceonline.it\/index.php?rest_route=%2Fwp%2Fv2%2Fcomments&post=2805"}],"version-history":[{"count":3,"href":"http:\/\/www.digitalserviceonline.it\/index.php?rest_route=\/wp\/v2\/pages\/2805\/revisions"}],"predecessor-version":[{"id":2808,"href":"http:\/\/www.digitalserviceonline.it\/index.php?rest_route=\/wp\/v2\/pages\/2805\/revisions\/2808"}],"wp:attachment":[{"href":"http:\/\/www.digitalserviceonline.it\/index.php?rest_route=%2Fwp%2Fv2%2Fmedia&parent=2805"}],"curies":[{"name":"wp","href":"https:\/\/api.w.org\/{rel}","templated":true}]}}